{"id":2870,"date":"2023-03-10T14:43:40","date_gmt":"2023-03-10T12:43:40","guid":{"rendered":"https:\/\/airfi.fi\/online-geschaeft\/"},"modified":"2023-03-14T14:44:46","modified_gmt":"2023-03-14T12:44:46","slug":"online-geschaeft","status":"publish","type":"page","link":"https:\/\/shop.airfi.fi\/de\/","title":{"rendered":"Online-Gesch\u00e4ft"},"content":{"rendered":"\n<p>Um eine hohe Qualit\u00e4t der Raumluft zu gew\u00e4hrleisten, sollten Sie sich f\u00fcr original Airfi-L\u00fcftungsfilter entscheiden. Es wird empfohlen, den Filter mindestens zweimal pro Jahr zu wechseln. Nur Originalfilter garantieren die beste Leistung Ihrer L\u00fcftungsanlage.<\/p>\n","protected":false},"excerpt":{"rendered":"<p>Um eine hohe Qualit\u00e4t der Raumluft zu gew\u00e4hrleisten, sollten Sie sich f\u00fcr original Airfi-L\u00fcftungsfilter entscheiden. Es wird empfohlen, den Filter mindestens zweimal pro Jahr zu wechseln. Nur Originalfilter garantieren die beste Leistung Ihrer L\u00fcftungsanlage.<\/p>\n","protected":false},"author":3,"featured_media":2382,"parent":0,"menu_order":0,"comment_status":"closed","ping_status":"closed","template":"","meta":{"_acf_changed":false,"footnotes":""},"class_list":["post-2870","page","type-page","status-publish","has-post-thumbnail","hentry"],"acf":[],"_links":{"self":[{"href":"https:\/\/shop.airfi.fi\/de\/wp-json\/wp\/v2\/pages\/2870","targetHints":{"allow":["GET"]}}],"collection":[{"href":"https:\/\/shop.airfi.fi\/de\/wp-json\/wp\/v2\/pages"}],"about":[{"href":"https:\/\/shop.airfi.fi\/de\/wp-json\/wp\/v2\/types\/page"}],"author":[{"embeddable":true,"href":"https:\/\/shop.airfi.fi\/de\/wp-json\/wp\/v2\/users\/3"}],"replies":[{"embeddable":true,"href":"https:\/\/shop.airfi.fi\/de\/wp-json\/wp\/v2\/comments?post=2870"}],"version-history":[{"count":3,"href":"https:\/\/shop.airfi.fi\/de\/wp-json\/wp\/v2\/pages\/2870\/revisions"}],"predecessor-version":[{"id":2873,"href":"https:\/\/shop.airfi.fi\/de\/wp-json\/wp\/v2\/pages\/2870\/revisions\/2873"}],"wp:featuredmedia":[{"embeddable":true,"href":"https:\/\/shop.airfi.fi\/de\/wp-json\/wp\/v2\/media\/2382"}],"wp:attachment":[{"href":"https:\/\/shop.airfi.fi\/de\/wp-json\/wp\/v2\/media?parent=2870"}],"curies":[{"name":"wp","href":"https:\/\/api.w.org\/{rel}","templated":true}]}}