{"id":810,"date":"2020-06-05T18:33:28","date_gmt":"2020-06-05T15:33:28","guid":{"rendered":"http:\/\/new.airfi.fi\/natbutik\/"},"modified":"2023-03-31T14:20:29","modified_gmt":"2023-03-31T11:20:29","slug":"natbutik","status":"publish","type":"page","link":"https:\/\/shop.airfi.fi\/sv\/","title":{"rendered":"Webbutik"},"content":{"rendered":"\n<p>V\u00e4lj original Airfi-ventilationsfilter f\u00f6r att garantera en h\u00f6gkvalitativ inomhusluft. Det rekommenderas att man byter filter minst tv\u00e5 g\u00e5nger per \u00e5r. Endast originalfilter garanterar b\u00e4sta prestanda f\u00f6r ditt ventilationssystem.<\/p>\n","protected":false},"excerpt":{"rendered":"<p>V\u00e4lj original Airfi-ventilationsfilter f\u00f6r att garantera en h\u00f6gkvalitativ inomhusluft. Det rekommenderas att man byter filter minst tv\u00e5 g\u00e5nger per \u00e5r. Endast originalfilter garanterar b\u00e4sta prestanda f\u00f6r ditt ventilationssystem.<\/p>\n","protected":false},"author":3,"featured_media":592,"parent":0,"menu_order":0,"comment_status":"closed","ping_status":"closed","template":"","meta":{"_acf_changed":false,"footnotes":""},"class_list":["post-810","page","type-page","status-publish","has-post-thumbnail","hentry"],"acf":[],"_links":{"self":[{"href":"https:\/\/shop.airfi.fi\/sv\/wp-json\/wp\/v2\/pages\/810","targetHints":{"allow":["GET"]}}],"collection":[{"href":"https:\/\/shop.airfi.fi\/sv\/wp-json\/wp\/v2\/pages"}],"about":[{"href":"https:\/\/shop.airfi.fi\/sv\/wp-json\/wp\/v2\/types\/page"}],"author":[{"embeddable":true,"href":"https:\/\/shop.airfi.fi\/sv\/wp-json\/wp\/v2\/users\/3"}],"replies":[{"embeddable":true,"href":"https:\/\/shop.airfi.fi\/sv\/wp-json\/wp\/v2\/comments?post=810"}],"version-history":[{"count":7,"href":"https:\/\/shop.airfi.fi\/sv\/wp-json\/wp\/v2\/pages\/810\/revisions"}],"predecessor-version":[{"id":3071,"href":"https:\/\/shop.airfi.fi\/sv\/wp-json\/wp\/v2\/pages\/810\/revisions\/3071"}],"wp:featuredmedia":[{"embeddable":true,"href":"https:\/\/shop.airfi.fi\/sv\/wp-json\/wp\/v2\/media\/592"}],"wp:attachment":[{"href":"https:\/\/shop.airfi.fi\/sv\/wp-json\/wp\/v2\/media?parent=810"}],"curies":[{"name":"wp","href":"https:\/\/api.w.org\/{rel}","templated":true}]}}