{"id":819,"date":"2020-06-05T18:44:49","date_gmt":"2020-06-05T15:44:49","guid":{"rendered":"http:\/\/new.airfi.fi\/laskutustiedot\/"},"modified":"2020-06-05T18:56:42","modified_gmt":"2020-06-05T15:56:42","slug":"laskutustiedot","status":"publish","type":"page","link":"https:\/\/shop.airfi.fi\/sv\/laskutustiedot\/","title":{"rendered":"Faktureringsuppgifter"},"content":{"rendered":"\n<h3 class=\"wp-block-heading\">E-fakturor<\/h3>\n\n<p>Airfi Oy AB, 2887690-1&#13;\n<strong>E-fakturaadress:<\/strong> 003728876901&#13;\n<strong>Operat\u00f6r:<\/strong> Maventa (003721291126)&#13;\n<strong>F\u00f6rmedlings ID vid s\u00e4ndning fr\u00e5n bankn\u00e4tverket:<\/strong> DABAFIHH*<\/p>\n\n<p>*Ifall ni inte har m\u00f6jlighet att skicka direkt till Maventas f\u00f6rmedlings ID fr\u00e5n ert e-faktureringsprogram, b\u00f6r ni anv\u00e4nda detta f\u00f6rmedlnings ID.<\/p>\n\n<h3 class=\"wp-block-heading\">Fakturor per e-post till skanningstj\u00e4nsten<\/h3>\n\n<p>Vi ber er att endast skicka fakturor till nedanst\u00e5ende adress.<\/p>\n\n<p>Fakturor som skickas per e-post skall inkluderas som bilagor i PDF-format. Ifall fakturan inneh\u00e5ller bilagor, skall dessa vara inkluderade i samma fil som sj\u00e4lva fakturan.<\/p>\n\n<p>Adressen f\u00f6r e-post fakturor: <a href=\"mailto:28876901@scan.netvisor.fi\">28876901@scan.netvisor.fi<\/a><\/p>\n\n<ul class=\"wp-block-list\"><li>Ni kan skicka flera fakturor i en och samma e-post, dock b\u00f6r varje faktura vara en enskild pdf-fil. Alla filer b\u00f6r \u00e4ven ha olika namn.<\/li><li>Ett enskilt e-post f\u00e5r h\u00f6gst vara 5MB.<\/li><li>PDF-filerna b\u00f6r vara \u00e4kta PDF-filer (PDF version 1.3 eller nyare).<\/li><li>PDF-fakturorna f\u00e5r inte vara l\u00e5sta eller krypterade med l\u00f6senord.<\/li><li>Dokumentets storlek f\u00e5r h\u00f6gst vara 210 x 297 mm.<\/li><li>Till\u00e5tna tecken f\u00f6r filens namn \u00e4r f\u00f6ljande: a-z, A-Z, 0-9, v\u00e4nligen anv\u00e4nd ej specialtecken d\u00e5 ni namnger filerna.<\/li><\/ul>\n<h3 class=\"wp-block-heading\">Skanningstj\u00e4nst f\u00f6r pappersfakturor<\/h3>\n\n<p>F\u00f6r att kunna f\u00f6rmedla fakturan snabbt och p\u00e5litligt till mottagaren, b\u00f6r adressuppgifterna vara fullst\u00e4ndiga b\u00e5de i fakturan och p\u00e5 kuvertet.<\/p>\n\n<p>Airfi Oy AB&#13;\n28876901&#13;\nPL 100&#13;\n80020 Kollektor Scan<\/p>\n\n<ul class=\"wp-block-list\"><li>V\u00e4nligen skicka inget annat till skanningsadressen \u00e4n de fakturor och bilagor som skall skannas. Posten l\u00e4ser automatiskt in i v\u00e5rleverant\u00f6rsreskontra och inget annat material (till exempel kvitton, f\u00f6retagspresenter, kreditkort, entr\u00e9biljetter) f\u00f6rmedlas vidare via skanningstj\u00e4nsten.<\/li><li>F\u00f6r att uppn\u00e5 det b\u00e4sta slutresultatet f\u00f6r att automatiskt identifiera fakturorna, ber vi er att endast anv\u00e4nda svart text p\u00e5 vitt botten.<\/li><li>V\u00e4nligen anv\u00e4nd inte nitar d\u00e5 ni skickar fakturor till skanningstj\u00e4nsten.<\/li><\/ul>","protected":false},"excerpt":{"rendered":"<p>E-fakturor Airfi Oy AB, 2887690-1&#13; E-fakturaadress: 003728876901&#13; Operat\u00f6r: Maventa (003721291126)&#13; F\u00f6rmedlings ID vid s\u00e4ndning fr\u00e5n bankn\u00e4tverket: DABAFIHH* *Ifall ni inte har m\u00f6jlighet att skicka direkt till Maventas f\u00f6rmedlings ID fr\u00e5n ert e-faktureringsprogram, b\u00f6r ni anv\u00e4nda detta f\u00f6rmedlnings ID. Fakturor per e-post till skanningstj\u00e4nsten Vi ber er att endast skicka fakturor till nedanst\u00e5ende adress. Fakturor som [&hellip;]<\/p>\n","protected":false},"author":3,"featured_media":825,"parent":0,"menu_order":0,"comment_status":"closed","ping_status":"closed","template":"","meta":{"_acf_changed":false,"footnotes":""},"class_list":["post-819","page","type-page","status-publish","has-post-thumbnail","hentry"],"acf":[],"_links":{"self":[{"href":"https:\/\/shop.airfi.fi\/sv\/wp-json\/wp\/v2\/pages\/819","targetHints":{"allow":["GET"]}}],"collection":[{"href":"https:\/\/shop.airfi.fi\/sv\/wp-json\/wp\/v2\/pages"}],"about":[{"href":"https:\/\/shop.airfi.fi\/sv\/wp-json\/wp\/v2\/types\/page"}],"author":[{"embeddable":true,"href":"https:\/\/shop.airfi.fi\/sv\/wp-json\/wp\/v2\/users\/3"}],"replies":[{"embeddable":true,"href":"https:\/\/shop.airfi.fi\/sv\/wp-json\/wp\/v2\/comments?post=819"}],"version-history":[{"count":3,"href":"https:\/\/shop.airfi.fi\/sv\/wp-json\/wp\/v2\/pages\/819\/revisions"}],"predecessor-version":[{"id":822,"href":"https:\/\/shop.airfi.fi\/sv\/wp-json\/wp\/v2\/pages\/819\/revisions\/822"}],"wp:featuredmedia":[{"embeddable":true,"href":"https:\/\/shop.airfi.fi\/sv\/wp-json\/wp\/v2\/media\/825"}],"wp:attachment":[{"href":"https:\/\/shop.airfi.fi\/sv\/wp-json\/wp\/v2\/media?parent=819"}],"curies":[{"name":"wp","href":"https:\/\/api.w.org\/{rel}","templated":true}]}}